{"id":17,"date":"2024-11-12T00:40:04","date_gmt":"2024-11-12T00:40:04","guid":{"rendered":"https:\/\/ninfaretreat.com\/contacto\/"},"modified":"2025-08-11T00:28:22","modified_gmt":"2025-08-11T00:28:22","slug":"contacto","status":"publish","type":"page","link":"https:\/\/ninfaretreat.com\/en\/contacto\/","title":{"rendered":"Contact"},"content":{"rendered":"<p>[et_pb_section fb_built=&#8221;1&#8243; admin_label=&#8221;section&#8221; _builder_version=&#8221;4.27.4&#8243; background_enable_color=&#8221;off&#8221; custom_padding=&#8221;||4px|||&#8221; global_colors_info=&#8221;{}&#8221;][et_pb_row _builder_version=&#8221;4.27.4&#8243; _module_preset=&#8221;default&#8221; global_colors_info=&#8221;{}&#8221;][et_pb_column type=&#8221;4_4&#8243; _builder_version=&#8221;4.27.4&#8243; _module_preset=&#8221;default&#8221; global_colors_info=&#8221;{}&#8221;][et_pb_text _builder_version=&#8221;4.27.4&#8243; _module_preset=&#8221;default&#8221; text_font_size=&#8221;17px&#8221; header_text_align=&#8221;center&#8221; header_text_color=&#8221;#CDA141&#8243; header_letter_spacing=&#8221;1px&#8221; text_orientation=&#8221;center&#8221; custom_padding=&#8221;60px||||false|false&#8221; hover_enabled=&#8221;0&#8243; global_colors_info=&#8221;{}&#8221; sticky_enabled=&#8221;0&#8243;]<\/p>\n<h1>CONTACT<\/h1>\n<p>&nbsp;<\/p>\n<p>Because you deserve it, we want to spoil you. Let us help plan your moment of disconnection\u2026<\/p>\n<p>&nbsp;<\/p>\n<p><strong><span aria-label=\"Llamar al n\u00famero de tel\u00e9fono 56 4116 9204\">Opening Hours<\/span><\/strong><\/p>\n<p><span aria-label=\"Llamar al n\u00famero de tel\u00e9fono 56 4116 9204\">Monday to Sunday<\/span><\/p>\n<p><span aria-label=\"Llamar al n\u00famero de tel\u00e9fono 56 4116 9204\">10:00am &#8211; 9:00pm<\/span><\/p>\n<p><span aria-label=\"Llamar al n\u00famero de tel\u00e9fono 56 4116 9204\"><\/span><\/p>\n<p><strong><span aria-label=\"Llamar al n\u00famero de tel\u00e9fono 56 4116 9204\">Phone and Whatsapp<\/span><\/strong><\/p>\n<p><span aria-label=\"Llamar al n\u00famero de tel\u00e9fono 56 4116 9204\">56 4116 9204<\/span><\/p>\n<p><span aria-label=\"Llamar al n\u00famero de tel\u00e9fono 56 4116 9204\"><\/span><\/p>\n<p><strong><span aria-label=\"Llamar al n\u00famero de tel\u00e9fono 56 4116 9204\">Location<\/span><\/strong><\/p>\n<p><span aria-label=\"Llamar al n\u00famero de tel\u00e9fono 56 4116 9204\">Av. Yucat\u00e1n 22, Hip\u00f3dromo, 06100 Cuahut\u00e9moc, CDMX<\/span><\/p>\n<p>[\/et_pb_text][\/et_pb_column][\/et_pb_row][\/et_pb_section][et_pb_section fb_built=&#8221;1&#8243; fullwidth=&#8221;on&#8221; _builder_version=&#8221;4.27.4&#8243; _module_preset=&#8221;default&#8221; global_colors_info=&#8221;{}&#8221;][et_pb_fullwidth_code _builder_version=&#8221;4.27.4&#8243; _module_preset=&#8221;default&#8221; text_orientation=&#8221;center&#8221; module_alignment=&#8221;center&#8221; global_colors_info=&#8221;{}&#8221;]<iframe src=\"https:\/\/www.google.com\/maps\/embed?pb=!1m18!1m12!1m3!1d3762.90760009458!2d-99.166265!3d19.4163979!2m3!1f0!2f0!3f0!3m2!1i1024!2i768!4f13.1!3m3!1m2!1s0x85d1ff6d59512467%3A0x1e97020d6266b856!2sMassage%20%26%20Spa%20Ninfa%20Retreat!5e0!3m2!1ses-419!2smx!4v1754856463414!5m2!1ses-419!2smx\" width=\"800\" height=\"600\" style=\"border:0;\" allowfullscreen=\"\" loading=\"lazy\" referrerpolicy=\"no-referrer-when-downgrade\"><\/iframe>[\/et_pb_fullwidth_code][\/et_pb_section]<\/p>","protected":false},"excerpt":{"rendered":"<p>CONTACTO &nbsp; Por que te lo mereces, queremos consentirte, perm\u00edtenos ayudarte a planear tu momento de desconexi\u00f3n&#8230; &nbsp; Horarios Lunes a domingo 10:00am &#8211; 9:00pm Tel\u00e9fono y Whatsapp 56 4116 9204 Ubicaci\u00f3n Av. Yucat\u00e1n 22, Hip\u00f3dromo, 06100 Cuahut\u00e9moc, CDMX<\/p>","protected":false},"author":1,"featured_media":0,"parent":0,"menu_order":0,"comment_status":"closed","ping_status":"closed","template":"","meta":{"_et_pb_use_builder":"on","_et_pb_old_content":"<!-- wp:group {\"metadata\":{\"name\":\"Contact form\"},\"align\":\"full\",\"layout\":{\"type\":\"constrained\"}} --><div class=\"wp-block-group alignfull hostinger-ai-fade-up\"><!-- wp:group {\"align\":\"wide\",\"layout\":{\"type\":\"grid\",\"minimumColumnWidth\":\"30rem\"}} -->\n    <div class=\"wp-block-group alignwide hostinger-ai-fade-up\"><!-- wp:columns {\"verticalAlignment\":\"center\"} -->\n        <div class=\"wp-block-columns are-vertically-aligned-center\"><!-- wp:column {\"verticalAlignment\":\"center\",\"width\":\"100%\"} -->\n            <div class=\"wp-block-column is-vertically-aligned-center\" style=\"flex-basis:100%\"><!-- wp:group {\"metadata\":{\"name\":\"Socials\"},\"layout\":{\"type\":\"constrained\"}} -->\n                <div class=\"wp-block-group hostinger-ai-fade-up\"><!-- wp:heading {\"className\":\"hostinger-ai-title\",\"style\":{\"elements\":{\"link\":{\"color\":{\"text\":\"var:preset|color|dark\"}}},\"spacing\":{\"margin\":{\"bottom\":\"var:preset|spacing|50\"}}},\"textColor\":\"dark\",\"fontSize\":\"large\"} -->\n                    <h2 class=\"wp-block-heading hostinger-ai-title has-dark-color has-text-color has-link-color has-large-font-size\" style=\"margin-bottom:var(--wp--preset--spacing--50)\">Cont&aacute;ctanos Hoy<\/h2>\n                    <!-- \/wp:heading -->\n\n                    <!-- wp:paragraph {\"className\":\"hostinger-ai-description\",\"style\":{\"layout\":{\"columnSpan\":1,\"rowSpan\":1},\"elements\":{\"link\":{\"color\":{\"text\":\"var:preset|color|dark\"}}}},\"textColor\":\"dark\"} -->\n                    <p class=\"hostinger-ai-description has-dark-color has-text-color has-link-color\">Contacto<\/p>\n                    <!-- \/wp:paragraph -->\n\n                    <!-- wp:paragraph -->\n                    <p><\/p>\n                    <!-- \/wp:paragraph -->\n\n                    <!-- wp:paragraph {\"style\":{\"elements\":{\"link\":{\"color\":{\"text\":\"var:preset|color|dark\"}}},\"spacing\":{\"margin\":{\"bottom\":\"var:preset|spacing|50\"}}},\"textColor\":\"dark\"} -->\n                    <p class=\"has-dark-color has-text-color has-link-color\" style=\"margin-bottom:var(--wp--preset--spacing--50)\">email@email.com<br>(123) 123 123 <\/p>\n                    <!-- \/wp:paragraph -->\n\n                    <!-- wp:social-links {\"style\":{\"spacing\":{\"margin\":{\"right\":\"0\",\"left\":\"0\",\"top\":\"0\",\"bottom\":\"0\"}}},\"layout\":{\"type\":\"flex\",\"orientation\":\"horizontal\",\"justifyContent\":\"left\"}} -->\n                    <ul class=\"wp-block-social-links\" style=\"margin-top:0;margin-right:0;margin-bottom:0;margin-left:0\"><!-- wp:social-link {\"url\":\"https:\/\/www.facebook.com\/Hostinger\/\",\"service\":\"facebook\"} \/-->\n\n                        <!-- wp:social-link {\"url\":\"https:\/\/www.instagram.com\/hostinger_global\/?hl=en\",\"service\":\"instagram\"} \/-->\n\n                        <!-- wp:social-link {\"url\":\"https:\/\/x.com\/Hostinger\",\"service\":\"x\"} \/--><\/ul>\n                    <!-- \/wp:social-links --><\/div>\n                <!-- \/wp:group --><\/div>\n            <!-- \/wp:column --><\/div>\n        <!-- \/wp:columns -->\n\n        <!-- wp:group {\"layout\":{\"type\":\"flex\",\"flexWrap\":\"nowrap\",\"justifyContent\":\"center\"}} -->\n        <div class=\"wp-block-group \"><!-- wp:image {\"id\":160,\"sizeSlug\":\"full\",\"linkDestination\":\"none\",\"className\":\"hostinger-ai-image\",\"style\":{\"border\":{\"radius\":\"8px\"}}} -->\n            <figure class=\"wp-block-image size-full has-custom-border hostinger-ai-image\"><img src=\"https:\/\/images.unsplash.com\/photo-1544843776-7c98a52e08a4?crop=entropy&amp;cs=srgb&amp;fm=jpg&amp;ixid=M3w0NTI1Mzl8MHwxfHNlYXJjaHwxNXx8bWFzc2FnZSUyMHNwYXxlbnwwfHx8fDE3MzEzNzE5MjF8MA&amp;ixlib=rb-4.0.3&amp;q=85&amp;w=400&amp;h=400&amp;fit=crop\" alt=\"\" class=\"wp-image-160\" style=\"border-radius:8px\"><\/figure>\n            <!-- \/wp:image --><\/div>\n        <!-- \/wp:group --><\/div>\n    <!-- \/wp:group --><\/div><!-- \/wp:group -->\n<!-- wp:group {\"align\":\"wide\",\"style\":{\"spacing\":{\"padding\":{\"top\":\"0\",\"bottom\":\"0\"}}},\"layout\":{\"type\":\"constrained\"}} --><div class=\"wp-block-group alignwide hostinger-ai-fade-up\" style=\"padding-top:0;padding-bottom:0\"><!-- wp:group {\"align\":\"wide\",\"layout\":{\"type\":\"constrained\",\"justifyContent\":\"left\"}} -->\n    <div class=\"wp-block-group alignwide hostinger-ai-fade-up\"><!-- wp:heading {\"textAlign\":\"left\",\"className\":\"hostinger-ai-title\",\"style\":{\"elements\":{\"link\":{\"color\":{\"text\":\"var:preset|color|dark\"}}},\"spacing\":{\"margin\":{\"top\":\"0\",\"bottom\":\"var:preset|spacing|40\",\"left\":\"0\",\"right\":\"0\"}}},\"textColor\":\"dark\",\"fontSize\":\"x-large\"} -->\n        <h2 class=\"wp-block-heading has-text-align-left hostinger-ai-title has-dark-color has-text-color has-link-color has-x-large-font-size\" style=\"margin-top:0;margin-right:0;margin-bottom:var(--wp--preset--spacing--40);margin-left:0\">Ubicaci&oacute;n<\/h2>\n        <!-- \/wp:heading -->\n\n        <!-- wp:paragraph {\"align\":\"left\",\"className\":\"hostinger-ai-description\",\"style\":{\"spacing\":{\"margin\":{\"bottom\":\"var:preset|spacing|40\"}}},\"fontSize\":\"medium\"} -->\n        <p class=\"has-text-align-left hostinger-ai-description has-medium-font-size\" style=\"margin-bottom:var(--wp--preset--spacing--40)\">Vis&iacute;tanos en nuestro santuario de relajaci&oacute;n.<\/p>\n        <!-- \/wp:paragraph -->\n\n        <!-- wp:columns {\"align\":\"wide\",\"style\":{\"spacing\":{\"margin\":{\"top\":\"0\",\"bottom\":\"0\"},\"padding\":{\"bottom\":\"var:preset|spacing|40\"}}}} -->\n        <div class=\"wp-block-columns alignwide\" style=\"margin-top:0;margin-bottom:0;padding-bottom:var(--wp--preset--spacing--40)\"><!-- wp:column -->\n            <div class=\"wp-block-column\"><!-- wp:paragraph {\"className\":\"hostinger-ai-title hostinger-index-1 hostinger-ai-font-bold\",\"style\":{\"elements\":{\"link\":{\"color\":{\"text\":\"var:preset|color|dark\"}}}},\"textColor\":\"dark\",\"fontSize\":\"medium\"} -->\n                <p class=\"hostinger-ai-title hostinger-index-1 hostinger-ai-font-bold has-dark-color has-text-color has-link-color has-medium-font-size\">Direcci&oacute;n<\/p>\n                <!-- \/wp:paragraph -->\n\n                <!-- wp:paragraph {\"style\":{\"spacing\":{\"margin\":{\"top\":\"var:preset|spacing|20\"}}},\"fontSize\":\"medium\"} -->\n                <p class=\"has-medium-font-size\" style=\"margin-top:var(--wp--preset--spacing--20)\">697 Hilltop Street, Springfield, MA, USA<\/p>\n                <!-- \/wp:paragraph --><\/div>\n            <!-- \/wp:column -->\n\n            <!-- wp:column -->\n            <div class=\"wp-block-column\"><!-- wp:paragraph {\"className\":\"hostinger-ai-title hostinger-index-2 hostinger-ai-font-bold\",\"style\":{\"elements\":{\"link\":{\"color\":{\"text\":\"var:preset|color|dark\"}}}},\"textColor\":\"dark\",\"fontSize\":\"medium\"} -->\n                <p class=\"hostinger-ai-title hostinger-index-2 hostinger-ai-font-bold has-dark-color has-text-color has-link-color has-medium-font-size\">Contacto<\/p>\n                <!-- \/wp:paragraph -->\n\n                <!-- wp:paragraph {\"style\":{\"elements\":{\"link\":{\"color\":{\"text\":\"var:preset|color|dark\"}}},\"spacing\":{\"margin\":{\"top\":\"var:preset|spacing|20\"}}},\"textColor\":\"dark\",\"fontSize\":\"medium\"} -->\n                <p class=\"has-dark-color has-text-color has-link-color has-medium-font-size\" style=\"margin-top:var(--wp--preset--spacing--20)\">9am - 6pm<\/p>\n                <!-- \/wp:paragraph --><\/div>\n            <!-- \/wp:column --><\/div>\n        <!-- \/wp:columns -->\n\n        <!-- wp:group {\"align\":\"full\",\"layout\":{\"type\":\"default\"}} -->\n        <div class=\"wp-block-group alignfull hostinger-ai-fade-up\"><!-- wp:html -->\n            <iframe src=\"https:\/\/www.google.com\/maps\/embed?pb=!1m14!1m8!1m3!1d47368.39682225005!2d-72.489385!3d42.09623!3m2!1i1024!2i768!4f13.1!3m3!1m2!1s0x89e6e85bbff73363%3A0x5241d930e1909b8f!2sHilltop%20St%2C%20Springfield%2C%20MA%2001128!5e0!3m2!1sen!2sus!4v1722498156021!5m2!1sen!2sus\" height=\"450\" style=\"width: 100%; min-width: 100%; border:0;\" allowfullscreen=\"\" loading=\"lazy\" referrerpolicy=\"no-referrer-when-downgrade\"><\/iframe>\n            <!-- \/wp:html --><\/div>\n        <!-- \/wp:group --><\/div>\n    <!-- \/wp:group --><\/div><!-- \/wp:group -->\n","_et_gb_content_width":"","footnotes":""},"class_list":["post-17","page","type-page","status-publish","hentry"],"_links":{"self":[{"href":"https:\/\/ninfaretreat.com\/en\/wp-json\/wp\/v2\/pages\/17","targetHints":{"allow":["GET"]}}],"collection":[{"href":"https:\/\/ninfaretreat.com\/en\/wp-json\/wp\/v2\/pages"}],"about":[{"href":"https:\/\/ninfaretreat.com\/en\/wp-json\/wp\/v2\/types\/page"}],"author":[{"embeddable":true,"href":"https:\/\/ninfaretreat.com\/en\/wp-json\/wp\/v2\/users\/1"}],"replies":[{"embeddable":true,"href":"https:\/\/ninfaretreat.com\/en\/wp-json\/wp\/v2\/comments?post=17"}],"version-history":[{"count":4,"href":"https:\/\/ninfaretreat.com\/en\/wp-json\/wp\/v2\/pages\/17\/revisions"}],"predecessor-version":[{"id":136,"href":"https:\/\/ninfaretreat.com\/en\/wp-json\/wp\/v2\/pages\/17\/revisions\/136"}],"wp:attachment":[{"href":"https:\/\/ninfaretreat.com\/en\/wp-json\/wp\/v2\/media?parent=17"}],"curies":[{"name":"wp","href":"https:\/\/api.w.org\/{rel}","templated":true}]}}