{"id":15,"date":"2024-11-12T00:40:04","date_gmt":"2024-11-12T00:40:04","guid":{"rendered":"https:\/\/ninfaretreat.com\/servicios\/"},"modified":"2025-08-14T01:10:17","modified_gmt":"2025-08-14T01:10:17","slug":"experiencias","status":"publish","type":"page","link":"https:\/\/ninfaretreat.com\/en\/experiencias\/","title":{"rendered":"Experiences"},"content":{"rendered":"<p>[et_pb_section fb_built=&#8221;1&#8243; fullwidth=&#8221;on&#8221; _builder_version=&#8221;4.27.4&#8243; _module_preset=&#8221;default&#8221; global_colors_info=&#8221;{}&#8221;][et_pb_fullwidth_header title=&#8221;DESCUBRE NUESTRAS EXPERIENCIAS&#8221; text_orientation=&#8221;center&#8221; header_fullscreen=&#8221;on&#8221; button_one_text=&#8221;Reserva tu momento&#8221; button_one_url=&#8221;https:\/\/api.whatsapp.com\/send\/?phone=5215641169204&#038;text=%C2%A1Hola%21%0D%0AVengo+de+su+sitio+web%2C+quisiera+mas+informaci%C3%B3n+sobre+sus+servicios&#038;type=phone_number&#038;app_absent=0&#8243; _builder_version=&#8221;4.27.4&#8243; _module_preset=&#8221;default&#8221; title_letter_spacing=&#8221;1px&#8221; content_text_align=&#8221;center&#8221; content_font_size=&#8221;18px&#8221; background_enable_color=&#8221;off&#8221; background_video_mp4=&#8221;https:\/\/ninfaretreat.com\/wp-content\/uploads\/2025\/08\/expe.mp4&#8243; custom_button_one=&#8221;on&#8221; button_one_use_icon=&#8221;off&#8221; link_option_url_new_window=&#8221;on&#8221; hover_enabled=&#8221;0&#8243; global_colors_info=&#8221;{}&#8221; sticky_enabled=&#8221;0&#8243;]<\/p>\n<p>Every one of our therapies is crafted to reconnect your body, soothe your mind, and awaken your senses. We offer both conventional massages and Unique Experiences that will transport you to a deep state of relaxation and pleasure.<\/p>\n<p>[\/et_pb_fullwidth_header][\/et_pb_section][et_pb_section fb_built=&#8221;1&#8243; _builder_version=&#8221;4.27.4&#8243; _module_preset=&#8221;default&#8221; background_color=&#8221;#CDA141&#8243; global_colors_info=&#8221;{}&#8221;][et_pb_row _builder_version=&#8221;4.27.4&#8243; _module_preset=&#8221;default&#8221; global_colors_info=&#8221;{}&#8221;][et_pb_column type=&#8221;4_4&#8243; _builder_version=&#8221;4.27.4&#8243; _module_preset=&#8221;default&#8221; global_colors_info=&#8221;{}&#8221;][et_pb_text _builder_version=&#8221;4.27.4&#8243; _module_preset=&#8221;default&#8221; text_text_color=&#8221;#FFFFFF&#8221; header_text_align=&#8221;center&#8221; header_text_color=&#8221;#FFFFFF&#8221; header_letter_spacing=&#8221;1px&#8221; global_colors_info=&#8221;{}&#8221;]<\/p>\n<h1>UNIQUE EXPERIENCES<\/h1>\n<p>[\/et_pb_text][\/et_pb_column][\/et_pb_row][\/et_pb_section][et_pb_section fb_built=&#8221;1&#8243; _builder_version=&#8221;4.27.4&#8243; _module_preset=&#8221;default&#8221; background_color=&#8221;#402c00&#8243; global_colors_info=&#8221;{}&#8221;][et_pb_row _builder_version=&#8221;4.27.4&#8243; _module_preset=&#8221;default&#8221; global_colors_info=&#8221;{}&#8221;][et_pb_column type=&#8221;4_4&#8243; _builder_version=&#8221;4.27.4&#8243; _module_preset=&#8221;default&#8221; global_colors_info=&#8221;{}&#8221;][et_pb_text _builder_version=&#8221;4.27.4&#8243; _module_preset=&#8221;default&#8221; header_text_align=&#8221;center&#8221; header_text_color=&#8221;#CDA141&#8243; header_letter_spacing=&#8221;1px&#8221; global_colors_info=&#8221;{}&#8221;]<\/p>\n<h1>NINFA\u00b4S TOUCH<\/h1>\n<p>[\/et_pb_text][et_pb_blurb image=&#8221;https:\/\/ninfaretreat.com\/wp-content\/uploads\/2025\/08\/NT.png&#8221; alt=&#8221;Ninfas Touch&#8221; image_icon_width=&#8221;100%&#8221; _builder_version=&#8221;4.27.4&#8243; _module_preset=&#8221;default&#8221; body_font_size=&#8221;18px&#8221; text_orientation=&#8221;justified&#8221; background_layout=&#8221;dark&#8221; global_colors_info=&#8221;{}&#8221;]<\/p>\n<p>A skin-to-skin dance, where each caress becomes a bridge between body, desire, and vital energy.\nA ceremony of surrender and self-discovery, where the body becomes a channel for pleasure, release, and energy.<\/p>\n<p>[\/et_pb_blurb][et_pb_button button_url=&#8221;https:\/\/api.whatsapp.com\/send\/?phone=5215641169204&#038;text=%C2%A1Hola%21%0D%0AVengo+de+su+sitio+web%2C+quisiera+mas+informaci%C3%B3n+sobre+sus+servicios&#038;type=phone_number&#038;app_absent=0&#8243; url_new_window=&#8221;on&#8221; button_text=&#8221;M\u00e1s detalles&#8221; button_alignment=&#8221;center&#8221; _builder_version=&#8221;4.27.4&#8243; _module_preset=&#8221;default&#8221; custom_button=&#8221;on&#8221; button_letter_spacing=&#8221;1px&#8221; button_use_icon=&#8221;off&#8221; background_layout=&#8221;dark&#8221; hover_enabled=&#8221;0&#8243; global_colors_info=&#8221;{}&#8221; sticky_enabled=&#8221;0&#8243;][\/et_pb_button][\/et_pb_column][\/et_pb_row][\/et_pb_section][et_pb_section fb_built=&#8221;1&#8243; _builder_version=&#8221;4.27.4&#8243; _module_preset=&#8221;default&#8221; background_color=&#8221;#ECE1C5&#8243; global_colors_info=&#8221;{}&#8221;][et_pb_row _builder_version=&#8221;4.27.4&#8243; _module_preset=&#8221;default&#8221; global_colors_info=&#8221;{}&#8221;][et_pb_column type=&#8221;4_4&#8243; _builder_version=&#8221;4.27.4&#8243; _module_preset=&#8221;default&#8221; global_colors_info=&#8221;{}&#8221;][et_pb_text _builder_version=&#8221;4.27.4&#8243; _module_preset=&#8221;default&#8221; header_text_align=&#8221;center&#8221; header_text_color=&#8221;#CDA141&#8243; header_letter_spacing=&#8221;1px&#8221; global_colors_info=&#8221;{}&#8221;]<\/p>\n<h1>BLISS<\/h1>\n<p>[\/et_pb_text][et_pb_blurb image=&#8221;https:\/\/ninfaretreat.com\/wp-content\/uploads\/2025\/08\/Bliss.png&#8221; alt=&#8221;Bliss&#8221; image_icon_width=&#8221;100%&#8221; _builder_version=&#8221;4.27.4&#8243; _module_preset=&#8221;default&#8221; body_font_size=&#8221;18px&#8221; text_orientation=&#8221;justified&#8221; global_colors_info=&#8221;{}&#8221;]<\/p>\n<p>Through slow, mindful, and deeply sensual touches, we awaken sexual energy as a vital force that flows, transforms, and heals.\nWe guide you on an intimate journey toward expanded awareness, where every touch honors your presence and every breath grounds you in the moment.<\/p>\n<p>[\/et_pb_blurb][et_pb_button button_url=&#8221;https:\/\/api.whatsapp.com\/send\/?phone=5215641169204&#038;text=%C2%A1Hola%21%0D%0AVengo+de+su+sitio+web%2C+quisiera+mas+informaci%C3%B3n+sobre+sus+servicios&#038;type=phone_number&#038;app_absent=0&#8243; url_new_window=&#8221;on&#8221; button_text=&#8221;M\u00e1s detalles&#8221; button_alignment=&#8221;center&#8221; _builder_version=&#8221;4.27.4&#8243; _module_preset=&#8221;default&#8221; custom_button=&#8221;on&#8221; button_letter_spacing=&#8221;1px&#8221; button_use_icon=&#8221;off&#8221; hover_enabled=&#8221;0&#8243; global_colors_info=&#8221;{}&#8221; sticky_enabled=&#8221;0&#8243;][\/et_pb_button][\/et_pb_column][\/et_pb_row][\/et_pb_section][et_pb_section fb_built=&#8221;1&#8243; _builder_version=&#8221;4.27.4&#8243; _module_preset=&#8221;default&#8221; background_color=&#8221;#CDA141&#8243; global_colors_info=&#8221;{}&#8221;][et_pb_row _builder_version=&#8221;4.27.4&#8243; _module_preset=&#8221;default&#8221; global_colors_info=&#8221;{}&#8221;][et_pb_column type=&#8221;4_4&#8243; _builder_version=&#8221;4.27.4&#8243; _module_preset=&#8221;default&#8221; global_colors_info=&#8221;{}&#8221;][et_pb_text _builder_version=&#8221;4.27.4&#8243; _module_preset=&#8221;default&#8221; text_text_color=&#8221;#FFFFFF&#8221; header_text_align=&#8221;center&#8221; header_text_color=&#8221;#FFFFFF&#8221; header_letter_spacing=&#8221;1px&#8221; global_colors_info=&#8221;{}&#8221;]<\/p>\n<h1>CONVENTIONAL MASSAGES<\/h1>\n<p>[\/et_pb_text][\/et_pb_column][\/et_pb_row][\/et_pb_section][et_pb_section fb_built=&#8221;1&#8243; _builder_version=&#8221;4.27.4&#8243; _module_preset=&#8221;default&#8221; custom_padding=&#8221;||60px||false|false&#8221; global_colors_info=&#8221;{}&#8221;][et_pb_row column_structure=&#8221;1_4,1_4,1_4,1_4&#8243; _builder_version=&#8221;4.27.4&#8243; _module_preset=&#8221;default&#8221; global_colors_info=&#8221;{}&#8221;][et_pb_column type=&#8221;1_4&#8243; _builder_version=&#8221;4.27.4&#8243; _module_preset=&#8221;default&#8221; global_colors_info=&#8221;{}&#8221;][et_pb_image src=&#8221;https:\/\/ninfaretreat.com\/wp-content\/uploads\/2025\/08\/Relajante.png&#8221; alt=&#8221;Relajante&#8221; title_text=&#8221;Relajante&#8221; _builder_version=&#8221;4.27.4&#8243; _module_preset=&#8221;default&#8221; global_colors_info=&#8221;{}&#8221;][\/et_pb_image][et_pb_text _builder_version=&#8221;4.27.4&#8243; _module_preset=&#8221;default&#8221; header_text_align=&#8221;center&#8221; header_text_color=&#8221;#333333&#8243; header_font_size=&#8221;22px&#8221; header_letter_spacing=&#8221;1px&#8221; custom_margin=&#8221;||12px|||&#8221; global_colors_info=&#8221;{}&#8221;]<\/p>\n<h1>RELAXING<\/h1>\n<p>[\/et_pb_text][et_pb_text _builder_version=&#8221;4.27.4&#8243; _module_preset=&#8221;default&#8221; text_text_color=&#8221;#666666&#8243; text_font_size=&#8221;16px&#8221; text_orientation=&#8221;justified&#8221; global_colors_info=&#8221;{}&#8221;]<\/p>\n<p>An invitation to pause time. Through soft, flowing movements, we help you release what no longer serves you: fatigue, tension, and anxiety.\nWith each stroke, we reconnect you to your breath, offering an experience that restores your inner balance.<\/p>\n<p>[\/et_pb_text][\/et_pb_column][et_pb_column type=&#8221;1_4&#8243; _builder_version=&#8221;4.27.4&#8243; _module_preset=&#8221;default&#8221; global_colors_info=&#8221;{}&#8221;][et_pb_image src=&#8221;https:\/\/ninfaretreat.com\/wp-content\/uploads\/2025\/08\/Tejido.png&#8221; alt=&#8221;Tejido Profundo&#8221; title_text=&#8221;Tejido&#8221; _builder_version=&#8221;4.27.4&#8243; _module_preset=&#8221;default&#8221; global_colors_info=&#8221;{}&#8221;][\/et_pb_image][et_pb_text _builder_version=&#8221;4.27.4&#8243; _module_preset=&#8221;default&#8221; header_text_align=&#8221;center&#8221; header_text_color=&#8221;#333333&#8243; header_font_size=&#8221;22px&#8221; header_letter_spacing=&#8221;1px&#8221; custom_margin=&#8221;||12px|||&#8221; global_colors_info=&#8221;{}&#8221;]<\/p>\n<h1>DEEP TISSUE<\/h1>\n<p>[\/et_pb_text][et_pb_text _builder_version=&#8221;4.27.4&#8243; _module_preset=&#8221;default&#8221; text_text_color=&#8221;#666666&#8243; text_font_size=&#8221;16px&#8221; text_orientation=&#8221;justified&#8221; global_colors_info=&#8221;{}&#8221;]<\/p>\n<p>We work on the deepest layers of muscle, where long-held tension and persistent knots reside.\nWith firm, mindful strokes, we release stiffness, dissolve blockages, and restore the body\u2019s natural mobility.<\/p>\n<p>[\/et_pb_text][\/et_pb_column][et_pb_column type=&#8221;1_4&#8243; _builder_version=&#8221;4.27.4&#8243; _module_preset=&#8221;default&#8221; global_colors_info=&#8221;{}&#8221;][et_pb_image src=&#8221;https:\/\/ninfaretreat.com\/wp-content\/uploads\/2025\/08\/Descontracturante.png&#8221; alt=&#8221;Descontracturante&#8221; title_text=&#8221;Descontracturante&#8221; _builder_version=&#8221;4.27.4&#8243; _module_preset=&#8221;default&#8221; global_colors_info=&#8221;{}&#8221;][\/et_pb_image][et_pb_text _builder_version=&#8221;4.27.4&#8243; _module_preset=&#8221;default&#8221; header_text_align=&#8221;center&#8221; header_text_color=&#8221;#333333&#8243; header_font_size=&#8221;22px&#8221; header_letter_spacing=&#8221;1px&#8221; custom_margin=&#8221;||12px|||&#8221; global_colors_info=&#8221;{}&#8221;]<\/p>\n<h1>DECONTRACTING<\/h1>\n<p>[\/et_pb_text][et_pb_text _builder_version=&#8221;4.27.4&#8243; _module_preset=&#8221;default&#8221; text_text_color=&#8221;#666666&#8243; text_font_size=&#8221;16px&#8221; text_orientation=&#8221;justified&#8221; global_colors_info=&#8221;{}&#8221;]<\/p>\n<p>With this technique, we focus on releasing knots, contractures, and tension points through firm and precise pressure.\nWe relieve the areas that carry the weight of your daily routine, restoring balance and natural mobility to your body.<\/p>\n<p>[\/et_pb_text][\/et_pb_column][et_pb_column type=&#8221;1_4&#8243; _builder_version=&#8221;4.27.4&#8243; _module_preset=&#8221;default&#8221; global_colors_info=&#8221;{}&#8221;][et_pb_image src=&#8221;https:\/\/ninfaretreat.com\/wp-content\/uploads\/2025\/08\/piedras-calientes.png&#8221; alt=&#8221;Piedras Calientes&#8221; title_text=&#8221;piedras calientes&#8221; _builder_version=&#8221;4.27.4&#8243; _module_preset=&#8221;default&#8221; global_colors_info=&#8221;{}&#8221;][\/et_pb_image][et_pb_text _builder_version=&#8221;4.27.4&#8243; _module_preset=&#8221;default&#8221; header_text_align=&#8221;center&#8221; header_text_color=&#8221;#333333&#8243; header_font_size=&#8221;22px&#8221; header_letter_spacing=&#8221;1px&#8221; custom_margin=&#8221;||12px|||&#8221; global_colors_info=&#8221;{}&#8221;]<\/p>\n<h1>HOT STONES<\/h1>\n<p>[\/et_pb_text][et_pb_text _builder_version=&#8221;4.27.4&#8243; _module_preset=&#8221;default&#8221; text_text_color=&#8221;#666666&#8243; text_font_size=&#8221;16px&#8221; text_orientation=&#8221;justified&#8221; global_colors_info=&#8221;{}&#8221;]<\/p>\n<p>We combine the ancestral power of heat with soft, flowing movements to melt away physical and emotional tension.\nWarm, volcanic stones are placed over chakra points, gently relaxing the muscles and restoring inner harmony.<\/p>\n<p>[\/et_pb_text][\/et_pb_column][\/et_pb_row][et_pb_row _builder_version=&#8221;4.27.4&#8243; _module_preset=&#8221;default&#8221; global_colors_info=&#8221;{}&#8221;][et_pb_column type=&#8221;4_4&#8243; _builder_version=&#8221;4.27.4&#8243; _module_preset=&#8221;default&#8221; global_colors_info=&#8221;{}&#8221;][et_pb_button button_url=&#8221;https:\/\/api.whatsapp.com\/send\/?phone=5215641169204&#038;text=%C2%A1Hola%21%0D%0AVengo+de+su+sitio+web%2C+quisiera+mas+informaci%C3%B3n+sobre+sus+servicios&#038;type=phone_number&#038;app_absent=0&#8243; url_new_window=&#8221;on&#8221; button_text=&#8221;Reserva tu momento&#8221; button_alignment=&#8221;center&#8221; _builder_version=&#8221;4.27.4&#8243; _module_preset=&#8221;default&#8221; custom_button=&#8221;on&#8221; button_letter_spacing=&#8221;1px&#8221; button_use_icon=&#8221;off&#8221; hover_enabled=&#8221;0&#8243; global_colors_info=&#8221;{}&#8221; sticky_enabled=&#8221;0&#8243;][\/et_pb_button][\/et_pb_column][\/et_pb_row][\/et_pb_section]<\/p>","protected":false},"excerpt":{"rendered":"<p>Cada una de nuestras terapias est\u00e1 dise\u00f1ada para reconectar tu cuerpo, calmar tu mente y despertar tus sentidos. Contamos con masajes convencionales y con Experiencias \u00danicas que te transportar\u00e1n a un estado profundo de relajaci\u00f3n y placer.EXPERIENCIAS \u00daNICASNINFA\u00b4S TOUCHUna danza de piel a piel, con cada caricia creamos un puente entre el cuerpo, el deseo [&hellip;]<\/p>","protected":false},"author":1,"featured_media":0,"parent":0,"menu_order":0,"comment_status":"closed","ping_status":"closed","template":"","meta":{"_et_pb_use_builder":"on","_et_pb_old_content":"<!-- wp:group {\"align\":\"full\",\"className\":\"hostinger-ai-about-us-3\",\"layout\":{\"type\":\"constrained\"}} --><div class=\"wp-block-group alignfull hostinger-ai-about-us-3 hostinger-ai-fade-up\"><!-- wp:columns {\"verticalAlignment\":null,\"align\":\"wide\"} -->\n    <div class=\"wp-block-columns alignwide\"><!-- wp:column {\"width\":\"60%\"} -->\n        <div class=\"wp-block-column\" style=\"flex-basis:60%\"><!-- wp:image {\"id\":542,\"sizeSlug\":\"full\",\"linkDestination\":\"none\",\"className\":\"hostinger-ai-service-image hostinger-index-3\",\"style\":{\"border\":{\"radius\":\"8px\"}}} -->\n            <figure class=\"wp-block-image size-full has-custom-border hostinger-ai-service-image hostinger-index-3\"><img src=\"https:\/\/images.unsplash.com\/photo-1531299244174-d247dd4e5a66?crop=entropy&amp;cs=srgb&amp;fm=jpg&amp;ixid=M3w0NTI1Mzl8MHwxfHNlYXJjaHw3fHxtYXNzYWdlJTIwc3BhfGVufDB8fHx8MTczMTM3MTkyMXww&amp;ixlib=rb-4.0.3&amp;q=85&amp;w=636&amp;h=455&amp;fit=crop\" alt=\"\" class=\"wp-image-542\" style=\"border-radius:8px\"><\/figure>\n            <!-- \/wp:image --><\/div>\n        <!-- \/wp:column -->\n\n        <!-- wp:column {\"verticalAlignment\":\"center\",\"width\":\"40%\"} -->\n        <div class=\"wp-block-column is-vertically-aligned-center\" style=\"flex-basis:40%\"><!-- wp:group {\"style\":{\"spacing\":{\"blockGap\":\"0px\",\"padding\":{\"right\":\"var:preset|spacing|20\",\"left\":\"var:preset|spacing|20\"}},\"layout\":{\"columnSpan\":1,\"rowSpan\":1}},\"layout\":{\"type\":\"flex\",\"orientation\":\"vertical\",\"justifyContent\":\"left\",\"flexWrap\":\"nowrap\",\"verticalAlignment\":\"center\"}} -->\n            <div class=\"wp-block-group hostinger-ai-fade-up\" style=\"padding-right:var(--wp--preset--spacing--20);padding-left:var(--wp--preset--spacing--20)\"><!-- wp:heading {\"className\":\"hostinger-ai-service-title\",\"style\":{\"spacing\":{\"margin\":{\"top\":\"0\",\"bottom\":\"0\",\"left\":\"0\",\"right\":\"0\"},\"padding\":{\"bottom\":\"var:preset|spacing|20\"}},\"elements\":{\"link\":{\"color\":{\"text\":\"var:preset|color|dark\"}}}},\"textColor\":\"dark\",\"fontSize\":\"x-large\"} -->\n                <h2 class=\"wp-block-heading hostinger-ai-service-title has-dark-color has-text-color has-link-color has-x-large-font-size\" style=\"margin-top:0;margin-right:0;margin-bottom:0;margin-left:0;padding-bottom:var(--wp--preset--spacing--20)\">Relajaci&oacute;n Total<\/h2>\n                <!-- \/wp:heading -->\n\n                <!-- wp:paragraph {\"className\":\"hostinger-ai-service-description\",\"style\":{\"spacing\":{\"margin\":{\"top\":\"0\",\"bottom\":\"var:preset|spacing|50\"}},\"elements\":{\"link\":{\"color\":{\"text\":\"var:preset|color|dark\"}}}},\"textColor\":\"dark\",\"fontSize\":\"medium\"} -->\n                <p class=\"hostinger-ai-service-description has-dark-color has-text-color has-link-color has-medium-font-size\" style=\"margin-top:0;margin-bottom:var(--wp--preset--spacing--50)\">Descubre un santuario de relajaci&oacute;n y sensualidad en Ninfa Retreat, tu masaje spa ideal.<\/p>\n                <!-- \/wp:paragraph --><\/div>\n            <!-- \/wp:group --><\/div>\n        <!-- \/wp:column --><\/div>\n    <!-- \/wp:columns --><\/div><!-- \/wp:group -->\n<!-- wp:group {\"align\":\"wide\",\"layout\":{\"type\":\"flex\",\"flexWrap\":\"nowrap\",\"justifyContent\":\"center\"}} --><div class=\"wp-block-group alignwide hostinger-ai-fade-up\"><!-- wp:group {\"align\":\"wide\",\"layout\":{\"type\":\"constrained\"}} -->\n    <div class=\"wp-block-group alignwide hostinger-ai-fade-up\"><!-- wp:heading {\"textAlign\":\"left\",\"align\":\"full\",\"className\":\"hostinger-ai-title\",\"style\":{\"elements\":{\"link\":{\"color\":{\"text\":\"var:preset|color|dark\"}}},\"spacing\":{\"margin\":{\"bottom\":\"var:preset|spacing|50\"}}},\"textColor\":\"dark\",\"fontSize\":\"x-large\"} -->\n        <h2 class=\"wp-block-heading alignfull has-text-align-left hostinger-ai-title has-dark-color has-text-color has-link-color has-x-large-font-size\" style=\"margin-bottom:var(--wp--preset--spacing--50)\">Experiencias &uacute;nicas<\/h2>\n        <!-- \/wp:heading -->\n\n        <!-- wp:columns {\"align\":\"wide\"} -->\n        <div class=\"wp-block-columns alignwide\"><!-- wp:column {\"verticalAlignment\":\"center\"} -->\n            <div class=\"wp-block-column is-vertically-aligned-center\"><!-- wp:group {\"layout\":{\"type\":\"flex\",\"flexWrap\":\"nowrap\"}} -->\n                <div class=\"wp-block-group hostinger-ai-fade-up\"><!-- wp:image {\"id\":265,\"width\":\"148px\",\"height\":\"auto\",\"sizeSlug\":\"full\",\"linkDestination\":\"none\",\"className\":\"hostinger-ai-testimonial-image\",\"style\":{\"border\":{\"radius\":\"8px\"}}} -->\n                    <figure class=\"wp-block-image size-full is-resized has-custom-border hostinger-ai-testimonial-image\"><img src=\"https:\/\/images.unsplash.com\/photo-1611240315822-2d2e692dffd7?crop=entropy&amp;cs=srgb&amp;fm=jpg&amp;ixid=M3w0NTI1Mzl8MHwxfHNlYXJjaHwyMHx8bWFuJTIwZmFjZXxlbnwwfHx8fDE3MzEzNDg5MTZ8MA&amp;ixlib=rb-4.0.3&amp;q=85&amp;w=98&amp;h=108&amp;fit=crop\" alt=\"\" class=\"wp-image-265\" style=\"border-radius:8px;width:148px;height:auto\"><\/figure>\n                    <!-- \/wp:image -->\n\n                    <!-- wp:paragraph {\"className\":\"hostinger-ai-testimonial-text\",\"style\":{\"elements\":{\"link\":{\"color\":{\"text\":\"var:preset|color|dark\"}}},\"layout\":{\"columnSpan\":1,\"rowSpan\":1},\"spacing\":{\"padding\":{\"left\":\"var:preset|spacing|20\"}}},\"textColor\":\"dark\",\"fontSize\":\"medium\"} -->\n                    <p class=\"hostinger-ai-testimonial-text has-dark-color has-text-color has-link-color has-medium-font-size\" style=\"padding-left:var(--wp--preset--spacing--20)\">El masaje que recib&iacute; fue incre&iacute;ble, me sent&iacute; completamente renovada y relajada.<\/p>\n                    <!-- \/wp:paragraph --><\/div>\n                <!-- \/wp:group --><\/div>\n            <!-- \/wp:column -->\n\n            <!-- wp:column {\"verticalAlignment\":\"center\"} -->\n            <div class=\"wp-block-column is-vertically-aligned-center\"><!-- wp:group {\"layout\":{\"type\":\"flex\",\"flexWrap\":\"nowrap\"}} -->\n                <div class=\"wp-block-group hostinger-ai-fade-up\"><!-- wp:image {\"id\":266,\"width\":\"148px\",\"height\":\"auto\",\"sizeSlug\":\"full\",\"linkDestination\":\"none\",\"className\":\"hostinger-ai-testimonial-image hostinger-index-1\",\"style\":{\"border\":{\"radius\":\"8px\"}}} -->\n                    <figure class=\"wp-block-image size-full is-resized has-custom-border hostinger-ai-testimonial-image hostinger-index-1\"><img src=\"https:\/\/images.unsplash.com\/photo-1579463148228-138296ac3b98?crop=entropy&amp;cs=srgb&amp;fm=jpg&amp;ixid=M3w0NTI1Mzl8MHwxfHNlYXJjaHwxfHx3b21hbiUyMGZhY2V8ZW58MHx8fHwxNzMxMzAwNTQzfDA&amp;ixlib=rb-4.0.3&amp;q=85&amp;w=98&amp;h=108&amp;fit=crop\" alt=\"\" class=\"wp-image-266\" style=\"border-radius:8px;width:148px;height:auto\"><\/figure>\n                    <!-- \/wp:image -->\n\n                    <!-- wp:paragraph {\"className\":\"hostinger-ai-testimonial-text hostinger-index-1\",\"style\":{\"elements\":{\"link\":{\"color\":{\"text\":\"var:preset|color|dark\"}}},\"layout\":{\"columnSpan\":1,\"rowSpan\":1},\"spacing\":{\"padding\":{\"left\":\"var:preset|spacing|20\"}}},\"textColor\":\"dark\",\"fontSize\":\"medium\"} -->\n                    <p class=\"hostinger-ai-testimonial-text hostinger-index-1 has-dark-color has-text-color has-link-color has-medium-font-size\" style=\"padding-left:var(--wp--preset--spacing--20)\">Un verdadero santuario de relax, el ambiente y el servicio son simplemente excepcionales.<\/p>\n                    <!-- \/wp:paragraph --><\/div>\n                <!-- \/wp:group --><\/div>\n            <!-- \/wp:column --><\/div>\n        <!-- \/wp:columns --><\/div>\n    <!-- \/wp:group --><\/div><!-- \/wp:group -->\n<!-- wp:group {\"align\":\"full\",\"className\":\"hostinger-ai-solid-block\",\"style\":{\"dimensions\":{\"minHeight\":\"\"},\"spacing\":{\"padding\":{\"top\":\"var:preset|spacing|60\",\"bottom\":\"var:preset|spacing|60\"}}},\"backgroundColor\":\"color1\",\"layout\":{\"type\":\"constrained\"}} --><div class=\"wp-block-group alignfull hostinger-ai-solid-block has-color-1-background-color has-background hostinger-ai-fade-up\" style=\"padding-top:var(--wp--preset--spacing--60);padding-bottom:var(--wp--preset--spacing--60)\"><!-- wp:group {\"align\":\"wide\",\"style\":{\"spacing\":{\"padding\":{\"top\":\"0\",\"bottom\":\"0\"}},\"dimensions\":{\"minHeight\":\"0px\"}},\"layout\":{\"type\":\"flex\",\"orientation\":\"vertical\",\"justifyContent\":\"center\",\"verticalAlignment\":\"center\",\"flexWrap\":\"nowrap\"}} -->\n    <div class=\"wp-block-group alignwide hostinger-ai-fade-up\" style=\"min-height:0px;padding-top:0;padding-bottom:0\"><!-- wp:group {\"style\":{\"spacing\":{\"blockGap\":\"0px\"},\"layout\":{\"columnSpan\":1,\"rowSpan\":1}},\"layout\":{\"type\":\"constrained\",\"justifyContent\":\"center\"}} -->\n        <div class=\"wp-block-group hostinger-ai-fade-up\"><!-- wp:heading {\"textAlign\":\"center\",\"className\":\"hostinger-ai-title\",\"style\":{\"spacing\":{\"margin\":{\"top\":\"0\",\"bottom\":\"0\",\"left\":\"0\",\"right\":\"0\"}},\"elements\":{\"link\":{\"color\":{\"text\":\"var:preset|color|dark\"}}}},\"textColor\":\"dark\",\"fontSize\":\"x-large\"} -->\n            <h2 class=\"wp-block-heading has-text-align-center hostinger-ai-title has-dark-color has-text-color has-link-color has-x-large-font-size\" style=\"margin-top:0;margin-right:0;margin-bottom:0;margin-left:0\">Descubre tu paz<\/h2>\n            <!-- \/wp:heading -->\n\n            <!-- wp:paragraph {\"align\":\"center\",\"className\":\"hostinger-ai-description\",\"style\":{\"spacing\":{\"margin\":{\"top\":\"var:preset|spacing|20\",\"bottom\":\"var:preset|spacing|50\"}},\"elements\":{\"link\":{\"color\":{\"text\":\"var:preset|color|dark\"}}}},\"textColor\":\"dark\",\"fontSize\":\"medium\"} -->\n            <p class=\"has-text-align-center hostinger-ai-description has-dark-color has-text-color has-link-color has-medium-font-size\" style=\"margin-top:var(--wp--preset--spacing--20);margin-bottom:var(--wp--preset--spacing--50)\">En Ninfa Retreat, te ofrecemos un santuario de relajaci&oacute;n y sensualidad. Ven y transforma tu bienestar hoy mismo.<\/p>\n            <!-- \/wp:paragraph -->\n\n            <!-- wp:buttons {\"layout\":{\"type\":\"flex\",\"justifyContent\":\"center\"}} -->\n            <div class=\"wp-block-buttons\"><!-- wp:button {\"backgroundColor\":\"contrast\",\"textColor\":\"dark\",\"className\":\"hostinger-ai-cta-button\",\"style\":{\"spacing\":{\"padding\":{\"left\":\"var:preset|spacing|70\",\"right\":\"var:preset|spacing|70\",\"top\":\"var:preset|spacing|30\",\"bottom\":\"var:preset|spacing|30\"}},\"elements\":{\"link\":{\"color\":{\"text\":\"var:preset|color|dark\"}}}},\"fontSize\":\"medium\",\"borderColor\":\"dark\"} -->\n                <div class=\"wp-block-button has-custom-font-size hostinger-ai-cta-button has-medium-font-size\"><a class=\"wp-block-button__link has-dark-color has-contrast-background-color has-text-color has-background has-link-color has-border-color has-dark-border-color wp-element-button\" style=\"padding-top:var(--wp--preset--spacing--30);padding-right:var(--wp--preset--spacing--70);padding-bottom:var(--wp--preset--spacing--30);padding-left:var(--wp--preset--spacing--70)\">Rel&aacute;jate<\/a><\/div>\n                <!-- \/wp:button --><\/div>\n            <!-- \/wp:buttons --><\/div>\n        <!-- \/wp:group --><\/div>\n    <!-- \/wp:group --><\/div><!-- \/wp:group -->\n","_et_gb_content_width":"","footnotes":""},"class_list":["post-15","page","type-page","status-publish","hentry"],"_links":{"self":[{"href":"https:\/\/ninfaretreat.com\/en\/wp-json\/wp\/v2\/pages\/15","targetHints":{"allow":["GET"]}}],"collection":[{"href":"https:\/\/ninfaretreat.com\/en\/wp-json\/wp\/v2\/pages"}],"about":[{"href":"https:\/\/ninfaretreat.com\/en\/wp-json\/wp\/v2\/types\/page"}],"author":[{"embeddable":true,"href":"https:\/\/ninfaretreat.com\/en\/wp-json\/wp\/v2\/users\/1"}],"replies":[{"embeddable":true,"href":"https:\/\/ninfaretreat.com\/en\/wp-json\/wp\/v2\/comments?post=15"}],"version-history":[{"count":25,"href":"https:\/\/ninfaretreat.com\/en\/wp-json\/wp\/v2\/pages\/15\/revisions"}],"predecessor-version":[{"id":191,"href":"https:\/\/ninfaretreat.com\/en\/wp-json\/wp\/v2\/pages\/15\/revisions\/191"}],"wp:attachment":[{"href":"https:\/\/ninfaretreat.com\/en\/wp-json\/wp\/v2\/media?parent=15"}],"curies":[{"name":"wp","href":"https:\/\/api.w.org\/{rel}","templated":true}]}}