{"id":14,"date":"2024-11-12T00:40:03","date_gmt":"2024-11-12T00:40:03","guid":{"rendered":"https:\/\/ninfaretreat.com\/inicio\/"},"modified":"2025-08-11T00:27:21","modified_gmt":"2025-08-11T00:27:21","slug":"inicio","status":"publish","type":"page","link":"https:\/\/ninfaretreat.com\/en\/","title":{"rendered":"Home"},"content":{"rendered":"<p>[et_pb_section fb_built=&#8221;1&#8243; fullwidth=&#8221;on&#8221; _builder_version=&#8221;4.27.4&#8243; _module_preset=&#8221;default&#8221; global_colors_info=&#8221;{}&#8221;][et_pb_fullwidth_header title=&#8221;Un Santuario de Relajaci\u00f3n y Sensualidad&#8221; text_orientation=&#8221;center&#8221; header_fullscreen=&#8221;on&#8221; button_one_text=&#8221;Nuestras Experiencias&#8221; button_one_url=&#8221;\/experiencias&#8221; logo_image_url=&#8221;https:\/\/ninfaretreat.com\/wp-content\/uploads\/2025\/08\/Logo400px.png&#8221; logo_image_url_tablet=&#8221;https:\/\/ninfaretreat.com\/wp-content\/uploads\/2025\/08\/Logo400px.png&#8221; logo_image_url_phone=&#8221;https:\/\/ninfaretreat.com\/wp-content\/uploads\/2025\/08\/Logo400px.png&#8221; logo_image_url_last_edited=&#8221;on|desktop&#8221; _builder_version=&#8221;4.27.4&#8243; _module_preset=&#8221;default&#8221; content_text_align=&#8221;center&#8221; content_font_size=&#8221;16px&#8221; background_color=&#8221;rgba(204,139,0,0)&#8221; background_video_mp4=&#8221;https:\/\/ninfaretreat.com\/wp-content\/uploads\/2025\/08\/web_vid.mp4&#8243; custom_button_one=&#8221;on&#8221; button_one_use_icon=&#8221;off&#8221; button_one_custom_margin=&#8221;|||25px|false|false&#8221; button_one_custom_padding=&#8221;||||false|false&#8221; module_alignment=&#8221;center&#8221; hover_enabled=&#8221;0&#8243; global_colors_info=&#8221;{}&#8221; sticky_enabled=&#8221;0&#8243;]<\/p>\n<p>An intimate haven where your body finds rest and your senses awaken, an exclusive haven to let go of stress and rediscover yourself.<\/p>\n<p><br data-start=\"886\" data-end=\"889\" \/><strong>Would you dare to let go of control, just for a moment?<\/strong><strong><\/strong><\/p>\n<p>[\/et_pb_fullwidth_header][\/et_pb_section]<\/p>","protected":false},"excerpt":{"rendered":"<p>Somos un refugio \u00edntimo donde el cuerpo se relaja y los sentidos despiertan, un espacio exclusivo para dejar atr\u00e1s el estr\u00e9s y reencontrarte contigo mismo. \u00bfTe atreves a soltar el control solo un momento?<\/p>","protected":false},"author":1,"featured_media":0,"parent":0,"menu_order":0,"comment_status":"closed","ping_status":"closed","template":"","meta":{"_et_pb_use_builder":"on","_et_pb_old_content":"<!-- wp:group {\"align\":\"full\",\"className\":\"hostinger-ai-hero-1\",\"backgroundColor\":\"color2\",\"layout\":{\"type\":\"constrained\"}} --><div class=\"wp-block-group alignfull hostinger-ai-hero-1 has-color-2-background-color has-background hostinger-ai-fade-up\"><!-- wp:group {\"align\":\"wide\",\"style\":{\"spacing\":{\"padding\":{\"top\":\"var:preset|spacing|60\",\"bottom\":\"var:preset|spacing|60\"}}},\"layout\":{\"type\":\"grid\",\"columnCount\":2,\"minimumColumnWidth\":null}} -->\n    <div class=\"wp-block-group alignwide hostinger-ai-fade-up\" style=\"padding-top:var(--wp--preset--spacing--60);padding-bottom:var(--wp--preset--spacing--60)\"><!-- wp:group {\"style\":{\"spacing\":{\"blockGap\":\"0px\"},\"layout\":{\"columnSpan\":1,\"rowSpan\":1}},\"layout\":{\"type\":\"flex\",\"orientation\":\"vertical\",\"justifyContent\":\"left\",\"flexWrap\":\"nowrap\",\"verticalAlignment\":\"center\"}} -->\n        <div class=\"wp-block-group hostinger-ai-fade-up\"><!-- wp:heading {\"level\":1,\"className\":\"hostinger-ai-title\",\"style\":{\"spacing\":{\"margin\":{\"top\":\"0\",\"bottom\":\"0\",\"left\":\"0\",\"right\":\"0\"}},\"elements\":{\"link\":{\"color\":{\"text\":\"var:preset|color|light\"}}}},\"textColor\":\"light\",\"fontSize\":\"xx-large\"} -->\n            <h1 class=\"wp-block-heading hostinger-ai-title has-light-color has-text-color has-link-color has-xx-large-font-size\" style=\"margin-top:0;margin-right:0;margin-bottom:0;margin-left:0\">Ninfa Retreat<\/h1>\n            <!-- \/wp:heading -->\n\n            <!-- wp:paragraph {\"className\":\"hostinger-ai-description\",\"style\":{\"spacing\":{\"margin\":{\"top\":\"0\",\"bottom\":\"var:preset|spacing|50\"}},\"elements\":{\"link\":{\"color\":{\"text\":\"var:preset|color|light\"}}}},\"textColor\":\"light\",\"fontSize\":\"medium\"} -->\n            <p class=\"hostinger-ai-description has-light-color has-text-color has-link-color has-medium-font-size\" style=\"margin-top:0;margin-bottom:var(--wp--preset--spacing--50)\">Un santuario de relajaci&oacute;n y sensualidad para tu bienestar total.<\/p>\n            <!-- \/wp:paragraph -->\n\n            <!-- wp:buttons -->\n            <div class=\"wp-block-buttons\"><!-- wp:button {\"backgroundColor\":\"color1\",\"textColor\":\"color2\",\"className\":\"hostinger-ai-cta-button hostinger-index-0\",\"style\":{\"spacing\":{\"padding\":{\"left\":\"var:preset|spacing|70\",\"right\":\"var:preset|spacing|70\",\"top\":\"var:preset|spacing|30\",\"bottom\":\"var:preset|spacing|30\"}},\"elements\":{\"link\":{\"color\":{\"text\":\"var:preset|color|color2\"}}}},\"fontSize\":\"medium\",\"borderColor\":\"color1\"} -->\n                <div class=\"wp-block-button has-custom-font-size hostinger-ai-cta-button hostinger-index-0 has-medium-font-size\"><a class=\"wp-block-button__link has-color-2-color has-color-1-background-color has-text-color has-background has-link-color has-border-color has-color-1-border-color wp-element-button\" style=\"padding-top:var(--wp--preset--spacing--30);padding-right:var(--wp--preset--spacing--70);padding-bottom:var(--wp--preset--spacing--30);padding-left:var(--wp--preset--spacing--70)\">Descubre m&aacute;s<\/a><\/div>\n                <!-- \/wp:button --><\/div>\n            <!-- \/wp:buttons --><\/div>\n        <!-- \/wp:group -->\n\n        <!-- wp:group {\"layout\":{\"type\":\"constrained\"}} -->\n        <div class=\"wp-block-group hostinger-ai-fade-up\"><!-- wp:image {\"id\":18,\"sizeSlug\":\"full\",\"linkDestination\":\"none\",\"className\":\"hostinger-ai-image\",\"style\":{\"border\":{\"radius\":\"8px\"}}} -->\n            <figure class=\"wp-block-image size-full has-custom-border hostinger-ai-image\"><img src=\"https:\/\/images.unsplash.com\/photo-1600334089648-b0d9d3028eb2?crop=entropy&amp;cs=srgb&amp;fm=jpg&amp;ixid=M3w0NTI1Mzl8MHwxfHNlYXJjaHwxfHxtYXNzYWdlJTIwc3BhfGVufDB8fHx8MTczMTM3MTkyMXww&amp;ixlib=rb-4.0.3&amp;q=85&amp;w=584&amp;h=438&amp;fit=crop\" alt=\"\" class=\"wp-image-18\" style=\"border-radius:8px\"><\/figure>\n            <!-- \/wp:image --><\/div>\n        <!-- \/wp:group --><\/div>\n    <!-- \/wp:group --><\/div><!-- \/wp:group -->\n<!-- wp:group {\"align\":\"wide\",\"className\":\"hostinger-ai-about-us-4\",\"style\":{\"spacing\":{\"padding\":{\"top\":\"0\",\"bottom\":\"0\"}}},\"layout\":{\"type\":\"constrained\"}} --><div class=\"wp-block-group alignwide hostinger-ai-about-us-4 hostinger-ai-fade-up\" style=\"padding-top:0;padding-bottom:0\"><!-- wp:group {\"align\":\"wide\",\"style\":{\"spacing\":{\"margin\":{\"bottom\":\"0\"},\"padding\":{\"top\":\"0\",\"bottom\":\"var:preset|spacing|30\"}}},\"layout\":{\"type\":\"flex\",\"flexWrap\":\"nowrap\"}} -->\n    <div class=\"wp-block-group alignwide hostinger-ai-fade-up\" style=\"margin-bottom:0;padding-top:0;padding-bottom:var(--wp--preset--spacing--30)\"><!-- wp:columns -->\n        <div class=\"wp-block-columns\"><!-- wp:column {\"width\":\"50%\"} -->\n            <div class=\"wp-block-column\" style=\"flex-basis:50%\"><!-- wp:heading {\"className\":\"hostinger-ai-title\",\"style\":{\"spacing\":{\"margin\":{\"bottom\":\"0\"}}},\"fontSize\":\"x-large\"} -->\n                <h2 class=\"wp-block-heading hostinger-ai-title has-x-large-font-size\" style=\"margin-bottom:0\">Ninfa Retreat<\/h2>\n                <!-- \/wp:heading --><\/div>\n            <!-- \/wp:column -->\n\n            <!-- wp:column {\"verticalAlignment\":\"center\",\"width\":\"50%\",\"fontSize\":\"small\",\"layout\":{\"type\":\"constrained\"}} -->\n            <div class=\"wp-block-column is-vertically-aligned-center has-small-font-size\" style=\"flex-basis:50%\"><!-- wp:paragraph {\"className\":\"hostinger-ai-description\",\"fontSize\":\"medium\"} -->\n                <p class=\"hostinger-ai-description has-medium-font-size\">En Ninfa Retreat, ofrecemos un santuario de relajaci&oacute;n y sensualidad, donde cada masaje es una experiencia &uacute;nica para revitalizar tu cuerpo y mente.<\/p>\n                <!-- \/wp:paragraph -->\n\n                <!-- wp:buttons {\"style\":{\"spacing\":{\"margin\":{\"top\":\"var:preset|spacing|50\"}}}} -->\n                <div class=\"wp-block-buttons\" style=\"margin-top:var(--wp--preset--spacing--50)\"><!-- wp:button {\"textColor\":\"dark\",\"className\":\"hostinger-ai-cta-button hostinger-index-0\",\"style\":{\"spacing\":{\"padding\":{\"left\":\"var:preset|spacing|70\",\"right\":\"var:preset|spacing|70\",\"top\":\"var:preset|spacing|30\",\"bottom\":\"var:preset|spacing|30\"}},\"elements\":{\"link\":{\"color\":{\"text\":\"var:preset|color|dark\"}}}},\"fontSize\":\"medium\",\"borderColor\":\"dark\"} -->\n                    <div class=\"wp-block-button has-custom-font-size hostinger-ai-cta-button hostinger-index-0 has-medium-font-size\"><a class=\"wp-block-button__link has-dark-color has-text-color has-link-color has-border-color has-dark-border-color wp-element-button\" style=\"padding-top:var(--wp--preset--spacing--30);padding-right:var(--wp--preset--spacing--70);padding-bottom:var(--wp--preset--spacing--30);padding-left:var(--wp--preset--spacing--70)\">Descubre m&aacute;s<\/a><\/div>\n                    <!-- \/wp:button --><\/div>\n                <!-- \/wp:buttons --><\/div>\n            <!-- \/wp:column --><\/div>\n        <!-- \/wp:columns --><\/div>\n    <!-- \/wp:group -->\n\n    <!-- wp:group {\"align\":\"wide\",\"className\":\"image-row\",\"style\":{\"spacing\":{\"margin\":{\"bottom\":\"0\"},\"padding\":{\"top\":\"var:preset|spacing|30\"}}},\"layout\":{\"type\":\"flex\",\"flexWrap\":\"wrap\"}} -->\n    <div class=\"wp-block-group alignwide image-row hostinger-ai-fade-up\" style=\"margin-bottom:0;padding-top:var(--wp--preset--spacing--30)\"><!-- wp:image {\"id\":487,\"sizeSlug\":\"full\",\"linkDestination\":\"none\",\"className\":\"hostinger-ai-image hostinger-index-6\",\"style\":{\"border\":{\"radius\":\"8px\"}}} -->\n        <figure class=\"wp-block-image size-full has-custom-border hostinger-ai-image hostinger-index-6\"><img src=\"https:\/\/images.unsplash.com\/photo-1600334129128-685c5582fd35?crop=entropy&amp;cs=srgb&amp;fm=jpg&amp;ixid=M3w0NTI1Mzl8MHwxfHNlYXJjaHwyfHxtYXNzYWdlJTIwc3BhfGVufDB8fHx8MTczMTM3MTkyMXww&amp;ixlib=rb-4.0.3&amp;q=85&amp;w=350&amp;h=300&amp;fit=crop\" alt=\"\" class=\"wp-image-487\" style=\"border-radius:8px\"><\/figure>\n        <!-- \/wp:image -->\n\n        <!-- wp:image {\"id\":486,\"sizeSlug\":\"full\",\"linkDestination\":\"none\",\"align\":\"full\",\"className\":\"hostinger-ai-image hostinger-index-7\",\"style\":{\"border\":{\"radius\":\"8px\"}}} -->\n        <figure class=\"wp-block-image alignfull size-full has-custom-border hostinger-ai-image hostinger-index-7\"><img src=\"https:\/\/images.unsplash.com\/photo-1519823551278-64ac92734fb1?crop=entropy&amp;cs=srgb&amp;fm=jpg&amp;ixid=M3w0NTI1Mzl8MHwxfHNlYXJjaHwzfHxtYXNzYWdlJTIwc3BhfGVufDB8fHx8MTczMTM3MTkyMXww&amp;ixlib=rb-4.0.3&amp;q=85&amp;w=750&amp;h=300&amp;fit=crop\" alt=\"\" class=\"wp-image-486\" style=\"border-radius:8px\"><\/figure>\n        <!-- \/wp:image --><\/div>\n    <!-- \/wp:group --><\/div><!-- \/wp:group -->\n<!-- wp:group {\"align\":\"full\",\"layout\":{\"type\":\"constrained\"}} --><div class=\"wp-block-group alignfull hostinger-ai-fade-up\"><!-- wp:group {\"align\":\"wide\",\"layout\":{\"type\":\"constrained\",\"justifyContent\":\"left\"}} -->\n    <div class=\"wp-block-group alignwide hostinger-ai-fade-up\"><!-- wp:heading {\"className\":\"is-style-default hostinger-ai-title\",\"style\":{\"elements\":{\"link\":{\"color\":{\"text\":\"var:preset|color|dark\"}}},\"spacing\":{\"margin\":{\"bottom\":\"var:preset|spacing|50\"}}},\"textColor\":\"dark\",\"fontSize\":\"x-large\"} -->\n        <h2 class=\"wp-block-heading is-style-default hostinger-ai-title has-dark-color has-text-color has-link-color has-x-large-font-size\" style=\"margin-bottom:var(--wp--preset--spacing--50)\">Relajaci&oacute;n y Sensualidad<\/h2>\n        <!-- \/wp:heading -->\n\n        <!-- wp:group {\"align\":\"wide\",\"layout\":{\"type\":\"grid\",\"minimumColumnWidth\":\"18rem\"}} -->\n        <div class=\"wp-block-group alignwide hostinger-ai-fade-up\"><!-- wp:group {\"style\":{\"spacing\":{\"padding\":{\"top\":\"0\",\"bottom\":\"0\",\"left\":\"var:preset|spacing|20\",\"right\":\"var:preset|spacing|20\"}}},\"layout\":{\"type\":\"constrained\"}} -->\n            <div class=\"wp-block-group hostinger-ai-fade-up\" style=\"padding-top:0;padding-right:var(--wp--preset--spacing--20);padding-bottom:0;padding-left:var(--wp--preset--spacing--20)\"><!-- wp:image {\"id\":160,\"sizeSlug\":\"full\",\"linkDestination\":\"none\",\"className\":\"hostinger-ai-service-image\",\"style\":{\"border\":{\"radius\":\"8px\"}}} -->\n                <figure class=\"wp-block-image size-full has-custom-border hostinger-ai-service-image\"><img src=\"https:\/\/images.unsplash.com\/photo-1583417267826-aebc4d1542e1?crop=entropy&amp;cs=srgb&amp;fm=jpg&amp;ixid=M3w0NTI1Mzl8MHwxfHNlYXJjaHw0fHxtYXNzYWdlJTIwc3BhfGVufDB8fHx8MTczMTM3MTkyMXww&amp;ixlib=rb-4.0.3&amp;q=85&amp;w=340&amp;h=340&amp;fit=crop\" alt=\"\" class=\"wp-image-160\" style=\"border-radius:8px\"><\/figure>\n                <!-- \/wp:image -->\n\n                <!-- wp:paragraph {\"className\":\"hostinger-ai-service-description\",\"style\":{\"elements\":{\"link\":{\"color\":{\"text\":\"var:preset|color|dark\"}}},\"spacing\":{\"margin\":{\"top\":\"var:preset|spacing|40\"}}},\"textColor\":\"dark\",\"fontSize\":\"medium\"} -->\n                <p class=\"hostinger-ai-service-description has-dark-color has-text-color has-link-color has-medium-font-size\" style=\"margin-top:var(--wp--preset--spacing--40)\">Descubre un santuario de paz donde el masaje transforma tu bienestar y revitaliza tu energ&iacute;a.<\/p>\n                <!-- \/wp:paragraph --><\/div>\n            <!-- \/wp:group -->\n\n            <!-- wp:group {\"style\":{\"spacing\":{\"padding\":{\"right\":\"var:preset|spacing|20\",\"left\":\"var:preset|spacing|20\"}}},\"layout\":{\"type\":\"constrained\"}} -->\n            <div class=\"wp-block-group hostinger-ai-fade-up\" style=\"padding-right:var(--wp--preset--spacing--20);padding-left:var(--wp--preset--spacing--20)\"><!-- wp:image {\"id\":160,\"sizeSlug\":\"full\",\"linkDestination\":\"none\",\"className\":\"hostinger-ai-service-image hostinger-index-1\",\"style\":{\"border\":{\"radius\":\"8px\"}}} -->\n                <figure class=\"wp-block-image size-full has-custom-border hostinger-ai-service-image hostinger-index-1\"><img src=\"https:\/\/images.unsplash.com\/photo-1536078787787-6904ee453869?crop=entropy&amp;cs=srgb&amp;fm=jpg&amp;ixid=M3w0NTI1Mzl8MHwxfHNlYXJjaHw1fHxtYXNzYWdlJTIwc3BhfGVufDB8fHx8MTczMTM3MTkyMXww&amp;ixlib=rb-4.0.3&amp;q=85&amp;w=340&amp;h=340&amp;fit=crop\" alt=\"\" class=\"wp-image-160\" style=\"border-radius:8px\"><\/figure>\n                <!-- \/wp:image -->\n\n                <!-- wp:paragraph {\"className\":\"hostinger-ai-service-description hostinger-index-1\",\"style\":{\"elements\":{\"link\":{\"color\":{\"text\":\"var:preset|color|dark\"}}},\"spacing\":{\"margin\":{\"top\":\"var:preset|spacing|40\"}}},\"textColor\":\"dark\",\"fontSize\":\"medium\"} -->\n                <p class=\"hostinger-ai-service-description hostinger-index-1 has-dark-color has-text-color has-link-color has-medium-font-size\" style=\"margin-top:var(--wp--preset--spacing--40)\">Nuestros masajistas expertos te guiar&aacute;n en un viaje de relajaci&oacute;n y conexi&oacute;n profunda.<\/p>\n                <!-- \/wp:paragraph --><\/div>\n            <!-- \/wp:group -->\n\n            <!-- wp:group {\"style\":{\"spacing\":{\"padding\":{\"right\":\"var:preset|spacing|20\",\"left\":\"var:preset|spacing|20\"}}},\"layout\":{\"type\":\"constrained\"}} -->\n            <div class=\"wp-block-group hostinger-ai-fade-up\" style=\"padding-right:var(--wp--preset--spacing--20);padding-left:var(--wp--preset--spacing--20)\"><!-- wp:image {\"id\":160,\"sizeSlug\":\"full\",\"linkDestination\":\"none\",\"className\":\"hostinger-ai-service-image hostinger-index-2\",\"style\":{\"border\":{\"radius\":\"8px\"}}} -->\n                <figure class=\"wp-block-image size-full has-custom-border hostinger-ai-service-image hostinger-index-2\"><img src=\"https:\/\/images.unsplash.com\/photo-1554424518-336ec861b705?crop=entropy&amp;cs=srgb&amp;fm=jpg&amp;ixid=M3w0NTI1Mzl8MHwxfHNlYXJjaHw2fHxtYXNzYWdlJTIwc3BhfGVufDB8fHx8MTczMTM3MTkyMXww&amp;ixlib=rb-4.0.3&amp;q=85&amp;w=340&amp;h=340&amp;fit=crop\" alt=\"\" class=\"wp-image-160\" style=\"border-radius:8px\"><\/figure>\n                <!-- \/wp:image -->\n\n                <!-- wp:paragraph {\"className\":\"hostinger-ai-service-description hostinger-index-2\",\"style\":{\"elements\":{\"link\":{\"color\":{\"text\":\"var:preset|color|dark\"}}},\"spacing\":{\"margin\":{\"top\":\"var:preset|spacing|40\"}}},\"textColor\":\"dark\",\"fontSize\":\"medium\"} -->\n                <p class=\"hostinger-ai-service-description hostinger-index-2 has-dark-color has-text-color has-link-color has-medium-font-size\" style=\"margin-top:var(--wp--preset--spacing--40)\">Disfruta de un ambiente sereno dise&ntilde;ado para ofrecerte la m&aacute;xima comodidad y placer.<\/p>\n                <!-- \/wp:paragraph --><\/div>\n            <!-- \/wp:group --><\/div>\n        <!-- \/wp:group --><\/div>\n    <!-- \/wp:group --><\/div><!-- \/wp:group -->\n<!-- wp:group {\"align\":\"wide\",\"layout\":{\"type\":\"flex\",\"flexWrap\":\"nowrap\",\"justifyContent\":\"center\"}} --><div class=\"wp-block-group alignwide hostinger-ai-fade-up\"><!-- wp:group {\"align\":\"wide\",\"layout\":{\"type\":\"constrained\"}} -->\n    <div class=\"wp-block-group alignwide hostinger-ai-fade-up\"><!-- wp:heading {\"textAlign\":\"left\",\"align\":\"full\",\"className\":\"hostinger-ai-title\",\"style\":{\"elements\":{\"link\":{\"color\":{\"text\":\"var:preset|color|dark\"}}},\"spacing\":{\"margin\":{\"bottom\":\"var:preset|spacing|50\"}}},\"textColor\":\"dark\",\"fontSize\":\"x-large\"} -->\n        <h2 class=\"wp-block-heading alignfull has-text-align-left hostinger-ai-title has-dark-color has-text-color has-link-color has-x-large-font-size\" style=\"margin-bottom:var(--wp--preset--spacing--50)\">Opiniones Clientes<\/h2>\n        <!-- \/wp:heading -->\n\n        <!-- wp:columns {\"align\":\"wide\"} -->\n        <div class=\"wp-block-columns alignwide\"><!-- wp:column {\"verticalAlignment\":\"center\"} -->\n            <div class=\"wp-block-column is-vertically-aligned-center\"><!-- wp:group {\"layout\":{\"type\":\"flex\",\"flexWrap\":\"nowrap\"}} -->\n                <div class=\"wp-block-group hostinger-ai-fade-up\"><!-- wp:image {\"id\":265,\"width\":\"148px\",\"height\":\"auto\",\"sizeSlug\":\"full\",\"linkDestination\":\"none\",\"className\":\"hostinger-ai-testimonial-image\",\"style\":{\"border\":{\"radius\":\"8px\"}}} -->\n                    <figure class=\"wp-block-image size-full is-resized has-custom-border hostinger-ai-testimonial-image\"><img src=\"https:\/\/images.unsplash.com\/photo-1640175985386-2c89f649a938?crop=entropy&amp;cs=srgb&amp;fm=jpg&amp;ixid=M3w0NTI1Mzl8MHwxfHNlYXJjaHw2fHxtYW4lMjBmYWNlfGVufDB8fHx8MTczMTM0ODkxNnww&amp;ixlib=rb-4.0.3&amp;q=85&amp;w=98&amp;h=108&amp;fit=crop\" alt=\"\" class=\"wp-image-265\" style=\"border-radius:8px;width:148px;height:auto\"><\/figure>\n                    <!-- \/wp:image -->\n\n                    <!-- wp:paragraph {\"className\":\"hostinger-ai-testimonial-text\",\"style\":{\"elements\":{\"link\":{\"color\":{\"text\":\"var:preset|color|dark\"}}},\"layout\":{\"columnSpan\":1,\"rowSpan\":1},\"spacing\":{\"padding\":{\"left\":\"var:preset|spacing|20\"}}},\"textColor\":\"dark\",\"fontSize\":\"medium\"} -->\n                    <p class=\"hostinger-ai-testimonial-text has-dark-color has-text-color has-link-color has-medium-font-size\" style=\"padding-left:var(--wp--preset--spacing--20)\">Un lugar m&aacute;gico para relajarse y disfrutar de un masaje excepcionalmente placentero.<\/p>\n                    <!-- \/wp:paragraph --><\/div>\n                <!-- \/wp:group --><\/div>\n            <!-- \/wp:column -->\n\n            <!-- wp:column {\"verticalAlignment\":\"center\"} -->\n            <div class=\"wp-block-column is-vertically-aligned-center\"><!-- wp:group {\"layout\":{\"type\":\"flex\",\"flexWrap\":\"nowrap\"}} -->\n                <div class=\"wp-block-group hostinger-ai-fade-up\"><!-- wp:image {\"id\":266,\"width\":\"148px\",\"height\":\"auto\",\"sizeSlug\":\"full\",\"linkDestination\":\"none\",\"className\":\"hostinger-ai-testimonial-image hostinger-index-1\",\"style\":{\"border\":{\"radius\":\"8px\"}}} -->\n                    <figure class=\"wp-block-image size-full is-resized has-custom-border hostinger-ai-testimonial-image hostinger-index-1\"><img src=\"https:\/\/images.unsplash.com\/photo-1610983262851-b6193a8daa17?crop=entropy&amp;cs=srgb&amp;fm=jpg&amp;ixid=M3w0NTI1Mzl8MHwxfHNlYXJjaHwxNHx8d29tYW4lMjBmYWNlfGVufDB8fHx8MTczMTMwMDU0M3ww&amp;ixlib=rb-4.0.3&amp;q=85&amp;w=98&amp;h=108&amp;fit=crop\" alt=\"\" class=\"wp-image-266\" style=\"border-radius:8px;width:148px;height:auto\"><\/figure>\n                    <!-- \/wp:image -->\n\n                    <!-- wp:paragraph {\"className\":\"hostinger-ai-testimonial-text hostinger-index-1\",\"style\":{\"elements\":{\"link\":{\"color\":{\"text\":\"var:preset|color|dark\"}}},\"layout\":{\"columnSpan\":1,\"rowSpan\":1},\"spacing\":{\"padding\":{\"left\":\"var:preset|spacing|20\"}}},\"textColor\":\"dark\",\"fontSize\":\"medium\"} -->\n                    <p class=\"hostinger-ai-testimonial-text hostinger-index-1 has-dark-color has-text-color has-link-color has-medium-font-size\" style=\"padding-left:var(--wp--preset--spacing--20)\">La experiencia en Ninfa Retreat fue inolvidable, pura relajaci&oacute;n y sensualidad en cada momento.<\/p>\n                    <!-- \/wp:paragraph --><\/div>\n                <!-- \/wp:group --><\/div>\n            <!-- \/wp:column --><\/div>\n        <!-- \/wp:columns --><\/div>\n    <!-- \/wp:group --><\/div><!-- \/wp:group -->\n<!-- wp:group {\"align\":\"full\",\"className\":\"hostinger-ai-solid-block\",\"style\":{\"dimensions\":{\"minHeight\":\"\"},\"spacing\":{\"padding\":{\"top\":\"var:preset|spacing|60\",\"bottom\":\"var:preset|spacing|60\"}}},\"backgroundColor\":\"color1\",\"layout\":{\"type\":\"constrained\"}} --><div class=\"wp-block-group alignfull hostinger-ai-solid-block has-color-1-background-color has-background hostinger-ai-fade-up\" style=\"padding-top:var(--wp--preset--spacing--60);padding-bottom:var(--wp--preset--spacing--60)\"><!-- wp:group {\"align\":\"wide\",\"style\":{\"spacing\":{\"padding\":{\"top\":\"0\",\"bottom\":\"0\"}},\"dimensions\":{\"minHeight\":\"0px\"}},\"layout\":{\"type\":\"flex\",\"orientation\":\"vertical\",\"justifyContent\":\"center\",\"verticalAlignment\":\"center\",\"flexWrap\":\"nowrap\"}} -->\n    <div class=\"wp-block-group alignwide hostinger-ai-fade-up\" style=\"min-height:0px;padding-top:0;padding-bottom:0\"><!-- wp:group {\"style\":{\"spacing\":{\"blockGap\":\"0px\"},\"layout\":{\"columnSpan\":1,\"rowSpan\":1}},\"layout\":{\"type\":\"constrained\",\"justifyContent\":\"center\"}} -->\n        <div class=\"wp-block-group hostinger-ai-fade-up\"><!-- wp:heading {\"textAlign\":\"center\",\"className\":\"hostinger-ai-title\",\"style\":{\"spacing\":{\"margin\":{\"top\":\"0\",\"bottom\":\"0\",\"left\":\"0\",\"right\":\"0\"}},\"elements\":{\"link\":{\"color\":{\"text\":\"var:preset|color|dark\"}}}},\"textColor\":\"dark\",\"fontSize\":\"x-large\"} -->\n            <h2 class=\"wp-block-heading has-text-align-center hostinger-ai-title has-dark-color has-text-color has-link-color has-x-large-font-size\" style=\"margin-top:0;margin-right:0;margin-bottom:0;margin-left:0\">Rel&aacute;jate y Renueva<\/h2>\n            <!-- \/wp:heading -->\n\n            <!-- wp:paragraph {\"align\":\"center\",\"className\":\"hostinger-ai-description\",\"style\":{\"spacing\":{\"margin\":{\"top\":\"var:preset|spacing|20\",\"bottom\":\"var:preset|spacing|50\"}},\"elements\":{\"link\":{\"color\":{\"text\":\"var:preset|color|dark\"}}}},\"textColor\":\"dark\",\"fontSize\":\"medium\"} -->\n            <p class=\"has-text-align-center hostinger-ai-description has-dark-color has-text-color has-link-color has-medium-font-size\" style=\"margin-top:var(--wp--preset--spacing--20);margin-bottom:var(--wp--preset--spacing--50)\">Descubre un santuario de relajaci&oacute;n y sensualidad en Ninfa Retreat. Reg&aacute;late una experiencia &uacute;nica de bienestar y tranquilidad.<\/p>\n            <!-- \/wp:paragraph -->\n\n            <!-- wp:buttons {\"layout\":{\"type\":\"flex\",\"justifyContent\":\"center\"}} -->\n            <div class=\"wp-block-buttons\"><!-- wp:button {\"backgroundColor\":\"contrast\",\"textColor\":\"dark\",\"className\":\"hostinger-ai-cta-button\",\"style\":{\"spacing\":{\"padding\":{\"left\":\"var:preset|spacing|70\",\"right\":\"var:preset|spacing|70\",\"top\":\"var:preset|spacing|30\",\"bottom\":\"var:preset|spacing|30\"}},\"elements\":{\"link\":{\"color\":{\"text\":\"var:preset|color|dark\"}}}},\"fontSize\":\"medium\",\"borderColor\":\"dark\"} -->\n                <div class=\"wp-block-button has-custom-font-size hostinger-ai-cta-button has-medium-font-size\"><a class=\"wp-block-button__link has-dark-color has-contrast-background-color has-text-color has-background has-link-color has-border-color has-dark-border-color wp-element-button\" style=\"padding-top:var(--wp--preset--spacing--30);padding-right:var(--wp--preset--spacing--70);padding-bottom:var(--wp--preset--spacing--30);padding-left:var(--wp--preset--spacing--70)\">Reserva<\/a><\/div>\n                <!-- \/wp:button --><\/div>\n            <!-- \/wp:buttons --><\/div>\n        <!-- \/wp:group --><\/div>\n    <!-- \/wp:group --><\/div><!-- \/wp:group -->\n","_et_gb_content_width":"","footnotes":""},"class_list":["post-14","page","type-page","status-publish","hentry"],"_links":{"self":[{"href":"https:\/\/ninfaretreat.com\/en\/wp-json\/wp\/v2\/pages\/14","targetHints":{"allow":["GET"]}}],"collection":[{"href":"https:\/\/ninfaretreat.com\/en\/wp-json\/wp\/v2\/pages"}],"about":[{"href":"https:\/\/ninfaretreat.com\/en\/wp-json\/wp\/v2\/types\/page"}],"author":[{"embeddable":true,"href":"https:\/\/ninfaretreat.com\/en\/wp-json\/wp\/v2\/users\/1"}],"replies":[{"embeddable":true,"href":"https:\/\/ninfaretreat.com\/en\/wp-json\/wp\/v2\/comments?post=14"}],"version-history":[{"count":13,"href":"https:\/\/ninfaretreat.com\/en\/wp-json\/wp\/v2\/pages\/14\/revisions"}],"predecessor-version":[{"id":135,"href":"https:\/\/ninfaretreat.com\/en\/wp-json\/wp\/v2\/pages\/14\/revisions\/135"}],"wp:attachment":[{"href":"https:\/\/ninfaretreat.com\/en\/wp-json\/wp\/v2\/media?parent=14"}],"curies":[{"name":"wp","href":"https:\/\/api.w.org\/{rel}","templated":true}]}}